{"id":154,"date":"2020-10-08T17:19:13","date_gmt":"2020-10-08T17:19:13","guid":{"rendered":"https:\/\/prazenputovanja.hr\/?page_id=154"},"modified":"2026-02-09T14:16:39","modified_gmt":"2026-02-09T14:16:39","slug":"kontakt","status":"publish","type":"page","link":"https:\/\/prazenputovanja.hr\/?page_id=154","title":{"rendered":"Kontakt"},"content":{"rendered":"<p>[vc_row full_width=&#8221;1&#8243; row_mask_bg=&#8221;&#8221; row_arrow=&#8221;&#8221; parallax_content=&#8221;parallax_content_value&#8221; parallax_content_sense=&#8221;75&#8243;][vc_column][vc_raw_html]JTVCcmV2X3NsaWRlciUyMGFsaWFzJTNEJTIyc2xpZGVyLTIlMjIlNUQlNUIlMkZyZXZfc2xpZGVyJTVE[\/vc_raw_html][vc_empty_space height=&#8221;50px&#8221;][\/vc_column][\/vc_row][vc_row][vc_column][vc_custom_heading text=&#8221;Obratite nam se s povjerenjem&#8221; font_container=&#8221;tag:h1|text_align:left&#8221; google_fonts=&#8221;font_family:Roboto%3A100%2C100italic%2C300%2C300italic%2Cregular%2Citalic%2C500%2C500italic%2C700%2C700italic%2C900%2C900italic|font_style:300%20light%20regular%3A300%3Anormal&#8221; cms_custom_headding_type=&#8221;heading-underline&#8221;][vc_custom_heading text=&#8221;Vi\u0161e od 20 godina iskustva, profesionalnost osoblja, sigurnost i udobnost koju pru\u017eaju na\u0161a vozila visoke klase garantiraju zadovoljstvo putnika.&#8221; font_container=&#8221;tag:h3|text_align:left&#8221; google_fonts=&#8221;font_family:Roboto%3A100%2C100italic%2C300%2C300italic%2Cregular%2Citalic%2C500%2C500italic%2C700%2C700italic%2C900%2C900italic|font_style:300%20light%20regular%3A300%3Anormal&#8221; cms_heading_block=&#8221;true&#8221;][vc_empty_space][vc_custom_heading text=&#8221;Pra\u017een putovanja d.o.o.&#8221; google_fonts=&#8221;font_family:Roboto%3A100%2C100italic%2C300%2C300italic%2Cregular%2Citalic%2C500%2C500italic%2C700%2C700italic%2C900%2C900italic|font_style:300%20light%20regular%3A300%3Anormal&#8221; cms_custom_headding_type=&#8221;heading-underline&#8221;][vc_empty_space height=&#8221;10px&#8221;][vc_row_inner content_placement=&#8221;top&#8221; cms_row_inner_overflow=&#8221;&#8221;][vc_column_inner width=&#8221;1\/2&#8243;][vc_column_text]<strong>Naziv:<\/strong>\u00a0Pra\u017een putovanja d.o.o.<br \/>\n<strong>Sjedi\u0161te:<\/strong>\u00a0Obala Roka \u0160panje 29, Brodarica 22010<br \/>\n<strong>OIB:<\/strong>\u00a019698191464<br \/>\n<strong>ID KOD<\/strong>\u00a0HR-AB-221100016882<br \/>\n<strong>Nadle\u017eni sud:<\/strong>\u00a0Trgova\u010dki sud u Zadru &#8211; Stalna slu\u017eba u \u0160ibeniku<br \/>\n<strong>Mati\u010dni broj:<\/strong>\u00a0100016882<br \/>\n<strong>Voditelj poslova:<\/strong> Mario Pra\u017een, direktor &#8211; ovla\u0161ten za vo\u0111enje svih poslova trgova\u010dkog dru\u0161tva Pra\u017een putovanja d. o. o.[\/vc_column_text][\/vc_column_inner][vc_column_inner width=&#8221;1\/2&#8243;][vc_column_text]<strong>Temeljni kapital:<\/strong> 2.654,46\u20ac, upla\u0107en u cijelosti<br \/>\n<strong>Sudski registar:<\/strong> Trgova\u010dki sud u Zadru, Stalna slu\u017eba u \u0160ibeniku<br \/>\n<strong>Slu\u017ebeni nadzor:<\/strong>\u00a0Ministarstvo turizma &#8211; Samostalni sektor turisti\u010dke inspekcije,\u00a0Slu\u017eba turisti\u010dke inspekcije, Podru\u010dna jedinica Split Ispostava &#8211; \u0160ibenik, Stjepana Radi\u0107a 30, 22000 \u0160ibenik<br \/>\n<strong>Ra\u010dun: <\/strong>HR8224020061101059326 \u2013 Erste banka, SWIFT code: ESBCHR22<\/p>\n<p><strong>Podno\u0161enje prigovora:<\/strong> Prigovor se mo\u017ee podnijeti u poslovnici turisti\u010dke agencije te mogu poslati na adresu elektroni\u010dke po\u0161te <a href=\"mailto:info@prazenputovanja.hr\">info@prazenputovanja.hr <\/a>\u00a0 ili pismenim putem na adresu Obala Roka \u0160panje 29, Brodarica &#8211; \u0160ibenik 22010.[\/vc_column_text][\/vc_column_inner][\/vc_row_inner][vc_separator][vc_empty_space][\/vc_column][\/vc_row][vc_row][vc_column width=&#8221;1\/2&#8243;][vc_gmaps link=&#8221;#E-8_JTNDaWZyYW1lJTIwc3JjJTNEJTIyaHR0cHMlM0ElMkYlMkZ3d3cuZ29vZ2xlLmNvbSUyRm1hcHMlMkZkJTJGZW1iZWQlM0ZtaWQlM0QxNl9LVk10em9pLVBBdmo5WHF5R3pJNmRiMW93engybVIlMjIlMjB3aWR0aCUzRCUyMjY0MCUyMiUyMGhlaWdodCUzRCUyMjQ4MCUyMiUzRSUzQyUyRmlmcmFtZSUzRQ==&#8221;][\/vc_column][vc_column width=&#8221;1\/2&#8243;][vc_custom_heading text=&#8221;Poslovna jedinica \u0160ibenik&#8221; google_fonts=&#8221;font_family:Roboto%3A100%2C100italic%2C300%2C300italic%2Cregular%2Citalic%2C500%2C500italic%2C700%2C700italic%2C900%2C900italic|font_style:300%20light%20regular%3A300%3Anormal&#8221;][vc_column_text]<strong>Direktor i voditelj poslova:\u00a0 \u00a0<\/strong><br \/>\nMario Pra\u017een<br \/>\ntel.: 098 266 222<br \/>\n<a href=\"mailto:mario@prazenputovanja.hr\">mario@prazenputovanja.hr<\/a><\/p>\n<hr \/>\n<p><strong>Turisti\u010dka agencija kontakt osoba:<\/strong><br \/>\nBranka \u010cubri\u0107<br \/>\ntel.: 098 222 661<br \/>\n<a href=\"mailto:info@prazenputovanja.hr\">info@prazenputovanja.hr<\/a><\/p>\n<p>&nbsp;<\/p>\n<p>Katarina Pra\u017een<br \/>\nTel.: 098 222 660<br \/>\n<a role=\"link\" href=\"mailto:katarina@prazenputovanja.hr\" data-raofz=\"14\">katarina@prazenputovanja.hr<\/a><\/p>\n<hr \/>\n<p><strong>Radno vrijeme:<\/strong><br \/>\nPonedjeljak \u2013 Petak 08:00 &#8211; 16:00 sati<br \/>\nPauza: 11:30 &#8211; 12:00 sati[\/vc_column_text][\/vc_column][\/vc_row][vc_row][vc_column][vc_empty_space][\/vc_column][\/vc_row]<\/p>\n","protected":false},"excerpt":{"rendered":"<p>[vc_row full_width=&#8221;1&#8243; row_mask_bg=&#8221;&#8221; row_arrow=&#8221;&#8221; parallax_content=&#8221;parallax_content_value&#8221; parallax_content_sense=&#8221;75&#8243;][vc_column][vc_raw_html]JTVCcmV2X3NsaWRlciUyMGFsaWFzJTNEJTIyc2xpZGVyLTIlMjIlNUQlNUIlMkZyZXZfc2xpZGVyJTVE[\/vc_raw_html][vc_empty_space height=&#8221;50px&#8221;][\/vc_column][\/vc_row][vc_row][vc_column][vc_custom_heading text=&#8221;Obratite nam se s povjerenjem&#8221; font_container=&#8221;tag:h1|text_align:left&#8221; google_fonts=&#8221;font_family:Roboto%3A100%2C100italic%2C300%2C300italic%2Cregular%2Citalic%2C500%2C500italic%2C700%2C700italic%2C900%2C900italic|font_style:300%20light%20regular%3A300%3Anormal&#8221; cms_custom_headding_type=&#8221;heading-underline&#8221;][vc_custom_heading text=&#8221;Vi\u0161e od 20 godina iskustva, profesionalnost osoblja, sigurnost i udobnost<\/p>\n","protected":false},"author":2,"featured_media":0,"parent":0,"menu_order":0,"comment_status":"closed","ping_status":"closed","template":"","meta":[],"_links":{"self":[{"href":"https:\/\/prazenputovanja.hr\/index.php?rest_route=\/wp\/v2\/pages\/154"}],"collection":[{"href":"https:\/\/prazenputovanja.hr\/index.php?rest_route=\/wp\/v2\/pages"}],"about":[{"href":"https:\/\/prazenputovanja.hr\/index.php?rest_route=\/wp\/v2\/types\/page"}],"author":[{"embeddable":true,"href":"https:\/\/prazenputovanja.hr\/index.php?rest_route=\/wp\/v2\/users\/2"}],"replies":[{"embeddable":true,"href":"https:\/\/prazenputovanja.hr\/index.php?rest_route=%2Fwp%2Fv2%2Fcomments&post=154"}],"version-history":[{"count":32,"href":"https:\/\/prazenputovanja.hr\/index.php?rest_route=\/wp\/v2\/pages\/154\/revisions"}],"predecessor-version":[{"id":492,"href":"https:\/\/prazenputovanja.hr\/index.php?rest_route=\/wp\/v2\/pages\/154\/revisions\/492"}],"wp:attachment":[{"href":"https:\/\/prazenputovanja.hr\/index.php?rest_route=%2Fwp%2Fv2%2Fmedia&parent=154"}],"curies":[{"name":"wp","href":"https:\/\/api.w.org\/{rel}","templated":true}]}}