{"id":194,"date":"2020-10-08T19:35:49","date_gmt":"2020-10-08T19:35:49","guid":{"rendered":"https:\/\/prazenputovanja.hr\/?page_id=194"},"modified":"2026-02-09T12:43:24","modified_gmt":"2026-02-09T12:43:24","slug":"transferi","status":"publish","type":"page","link":"https:\/\/prazenputovanja.hr\/?page_id=194","title":{"rendered":"Autobusi"},"content":{"rendered":"<p>[vc_row][vc_column]\n\t\t\t<!-- START Slider 2 REVOLUTION SLIDER 6.2.23 --><p class=\"rs-p-wp-fix\"><\/p>\n\t\t\t<rs-module-wrap id=\"rev_slider_2_1_wrapper\" data-source=\"gallery\" style=\"background:transparent;padding:0;margin:0px auto;margin-top:0;margin-bottom:0;\">\n\t\t\t\t<rs-module id=\"rev_slider_2_1\" style=\"\" data-version=\"6.2.23\">\n\t\t\t\t\t<rs-slides>\n\t\t\t\t\t\t<rs-slide data-key=\"rs-2\" data-title=\"Slide\" data-anim=\"ei:d;eo:d;s:1000;r:0;t:fade;sl:0;\">\n\t\t\t\t\t\t\t<img src=\"\/\/prazenputovanja.hr\/wp-content\/uploads\/2020\/10\/header004.jpg\" title=\"header004\" width=\"1920\" height=\"400\" class=\"rev-slidebg\" data-no-retina>\n<!---->\t\t\t\t\t\t<\/rs-slide>\n\t\t\t\t\t<\/rs-slides>\n\t\t\t\t<\/rs-module>\n\t\t\t\t<script type=\"text\/javascript\">\n\t\t\t\t\tsetREVStartSize({c: 'rev_slider_2_1',rl:[1240,1024,778,480],el:[400],gw:[1920],gh:[400],type:'standard',justify:'',layout:'fullwidth',mh:\"0\"});\n\t\t\t\t\tvar\trevapi2,\n\t\t\t\t\t\ttpj;\n\t\t\t\t\tfunction revinit_revslider21() {\n\t\t\t\t\tjQuery(function() {\n\t\t\t\t\t\ttpj = jQuery;\n\t\t\t\t\t\trevapi2 = tpj(\"#rev_slider_2_1\");\n\t\t\t\t\t\tif(revapi2==undefined || revapi2.revolution == undefined){\n\t\t\t\t\t\t\trevslider_showDoubleJqueryError(\"rev_slider_2_1\");\n\t\t\t\t\t\t}else{\n\t\t\t\t\t\t\trevapi2.revolution({\n\t\t\t\t\t\t\t\tsliderLayout:\"fullwidth\",\n\t\t\t\t\t\t\t\tvisibilityLevels:\"1240,1024,778,480\",\n\t\t\t\t\t\t\t\tgridwidth:1920,\n\t\t\t\t\t\t\t\tgridheight:400,\n\t\t\t\t\t\t\t\tspinner:\"spinner0\",\n\t\t\t\t\t\t\t\tperspective:600,\n\t\t\t\t\t\t\t\tperspectiveType:\"global\",\n\t\t\t\t\t\t\t\teditorheight:\"400,768,960,720\",\n\t\t\t\t\t\t\t\tresponsiveLevels:\"1240,1024,778,480\",\n\t\t\t\t\t\t\t\tprogressBar:{disableProgressBar:true},\n\t\t\t\t\t\t\t\tnavigation: {\n\t\t\t\t\t\t\t\t\tonHoverStop:false\n\t\t\t\t\t\t\t\t},\n\t\t\t\t\t\t\t\tfallbacks: {\n\t\t\t\t\t\t\t\t\tallowHTML5AutoPlayOnAndroid:true\n\t\t\t\t\t\t\t\t},\n\t\t\t\t\t\t\t});\n\t\t\t\t\t\t}\n\t\t\t\t\t\t\n\t\t\t\t\t});\n\t\t\t\t\t} \/\/ End of RevInitScript\n\t\t\t\tvar once_revslider21 = false;\n\t\t\t\tif (document.readyState === \"loading\") {document.addEventListener('readystatechange',function() { if((document.readyState === \"interactive\" || document.readyState === \"complete\") && !once_revslider21 ) { once_revslider21 = true; revinit_revslider21();}});} else {once_revslider21 = true; revinit_revslider21();}\n\t\t\t\t<\/script>\n\t\t\t<\/rs-module-wrap>\n\t\t\t<!-- END REVOLUTION SLIDER -->\n[vc_empty_space][\/vc_column][\/vc_row][vc_row][vc_column][vc_custom_heading text=&#8221;Vozni park&#8221; font_container=&#8221;tag:h1|text_align:left&#8221; google_fonts=&#8221;font_family:Roboto%3A100%2C100italic%2C300%2C300italic%2Cregular%2Citalic%2C500%2C500italic%2C700%2C700italic%2C900%2C900italic|font_style:300%20light%20regular%3A300%3Anormal&#8221; cms_custom_headding_type=&#8221;heading-underline&#8221;][vc_custom_heading text=&#8221;Na\u0161 vozni park sastoji se najve\u0107im dijelom od autobusa marke MAN i Mercedes s 19 do 63 putni\u010dka sjedala. Vozni park redovito obnavljamo kako bismo klijentima pru\u017eili udobnost putovanja i sigurno ih doveli do \u017eeljene destinacije.<br \/>\nZa najzahtjevnije klijente koji cijene visoki komfor i privatnost imamo posebnu ponudu VIP automobila.&#8221; font_container=&#8221;tag:h3|text_align:left&#8221; google_fonts=&#8221;font_family:Roboto%3A100%2C100italic%2C300%2C300italic%2Cregular%2Citalic%2C500%2C500italic%2C700%2C700italic%2C900%2C900italic|font_style:300%20light%20regular%3A300%3Anormal&#8221;][vc_empty_space][\/vc_column][\/vc_row][vc_row][vc_column][vc_row_inner content_placement=&#8221;middle&#8221; cms_row_inner_overflow=&#8221;&#8221;][vc_column_inner width=&#8221;1\/2&#8243;][vc_images_carousel images=&#8221;232,422,233,421&#8243; img_size=&#8221;large&#8221;][\/vc_column_inner][vc_column_inner width=&#8221;1\/2&#8243;][vc_custom_heading text=&#8221;Mercedes Sprinter&#8221; google_fonts=&#8221;font_family:Roboto%3A100%2C100italic%2C300%2C300italic%2Cregular%2Citalic%2C500%2C500italic%2C700%2C700italic%2C900%2C900italic|font_style:300%20light%20regular%3A300%3Anormal&#8221; cms_custom_headding_type=&#8221;heading-underline&#8221;][vc_column_text]<strong>Marka vozila:<\/strong> MERCEDES SPRINTER (\u0160I0055MP)<br \/>\n<strong>Godina proizvodnje<\/strong>: 2017.<br \/>\n<strong>Broj sjedi\u0161ta:<\/strong> 19+1+1<br \/>\n<strong>Boja:<\/strong> bijela<br \/>\n<strong>Norma:<\/strong> EURO VI<br \/>\n<strong>Dodatna oprema:<\/strong> -[\/vc_column_text][\/vc_column_inner][\/vc_row_inner][vc_separator][vc_empty_space height=&#8221;10px&#8221;][\/vc_column][\/vc_row][vc_row][vc_column][vc_row_inner content_placement=&#8221;middle&#8221; cms_row_inner_overflow=&#8221;&#8221;][vc_column_inner width=&#8221;1\/2&#8243;][vc_custom_heading text=&#8221;Mercedes Sprinter&#8221; google_fonts=&#8221;font_family:Roboto%3A100%2C100italic%2C300%2C300italic%2Cregular%2Citalic%2C500%2C500italic%2C700%2C700italic%2C900%2C900italic|font_style:300%20light%20regular%3A300%3Anormal&#8221; cms_custom_headding_type=&#8221;heading-underline&#8221;][vc_column_text]<strong>Marka vozila:<\/strong> Mercedes Sprinter (\u0160I0072MP)<br \/>\n<strong>Godina proizvodnje<\/strong>: 2025.<br \/>\n<strong>Broj sjedi\u0161ta:<\/strong> 19+1+1<br \/>\n<strong>Boja:<\/strong> crna<br \/>\n<strong>Norma:<\/strong> EURO VI<br \/>\n<strong>Dodatna oprema:<\/strong> -[\/vc_column_text][\/vc_column_inner][vc_column_inner width=&#8221;1\/2&#8243;][vc_images_carousel images=&#8221;437,438,441&#8243; img_size=&#8221;large&#8221;][\/vc_column_inner][\/vc_row_inner][vc_separator][vc_empty_space height=&#8221;10px&#8221;][\/vc_column][vc_column][vc_row_inner][vc_column_inner width=&#8221;1\/2&#8243;][vc_images_carousel][\/vc_column_inner][vc_column_inner width=&#8221;1\/2&#8243;][vc_custom_heading text=&#8221;Iveco&#8221; google_fonts=&#8221;font_family:Roboto%3A100%2C100italic%2C300%2C300italic%2Cregular%2Citalic%2C500%2C500italic%2C700%2C700italic%2C900%2C900italic|font_style:300%20light%20regular%3A300%3Anormal&#8221; cms_custom_headding_type=&#8221;heading-underline&#8221;][vc_column_text]<strong>Marka vozila:<\/strong> Iveco (\u0160I0073MP)<br \/>\n<strong>Godina proizvodnje<\/strong>: 2026.<br \/>\n<strong>Broj sjedi\u0161ta:<\/strong> 29+1+1<br \/>\n<strong>Boja:<\/strong> bijela<br \/>\n<strong>Norma:<\/strong> EEV<br \/>\n<strong>Dodatna oprema:<\/strong> -[\/vc_column_text][\/vc_column_inner][\/vc_row_inner][vc_separator][vc_empty_space height=&#8221;10px&#8221;][\/vc_column][\/vc_row][vc_row][vc_column][vc_row_inner content_placement=&#8221;middle&#8221; cms_row_inner_overflow=&#8221;&#8221;][vc_column_inner width=&#8221;1\/2&#8243;][vc_custom_heading text=&#8221;MAN Lion&#8217;s Coach&#8221; google_fonts=&#8221;font_family:Roboto%3A100%2C100italic%2C300%2C300italic%2Cregular%2Citalic%2C500%2C500italic%2C700%2C700italic%2C900%2C900italic|font_style:300%20light%20regular%3A300%3Anormal&#8221; cms_custom_headding_type=&#8221;heading-underline&#8221;][vc_column_text]<strong>Marka vozila:<\/strong> MAN LIONS COACH (\u0160I0049MP)<br \/>\n<strong>Godina proizvodnje<\/strong>: 2011.<br \/>\n<strong>Broj sjedi\u0161ta:<\/strong> 51+1+1<br \/>\n<strong>Boja:<\/strong> bijela<br \/>\n<strong>Norma:<\/strong> EEV<br \/>\n<strong>Dodatna oprema:<\/strong> -[\/vc_column_text][\/vc_column_inner][vc_column_inner width=&#8221;1\/2&#8243;][vc_images_carousel images=&#8221;224,225,226,227&#8243; img_size=&#8221;large&#8221;][\/vc_column_inner][\/vc_row_inner][vc_separator][vc_empty_space height=&#8221;10px&#8221;][\/vc_column][\/vc_row][vc_row][vc_column][vc_row_inner content_placement=&#8221;middle&#8221; cms_row_inner_overflow=&#8221;&#8221;][vc_column_inner width=&#8221;1\/2&#8243;][vc_images_carousel images=&#8221;228,229,230,231&#8243; img_size=&#8221;large&#8221;][\/vc_column_inner][vc_column_inner width=&#8221;1\/2&#8243;][vc_custom_heading text=&#8221;MAN Lion&#8217;s Coach&#8221; google_fonts=&#8221;font_family:Roboto%3A100%2C100italic%2C300%2C300italic%2Cregular%2Citalic%2C500%2C500italic%2C700%2C700italic%2C900%2C900italic|font_style:300%20light%20regular%3A300%3Anormal&#8221; cms_custom_headding_type=&#8221;heading-underline&#8221;][vc_column_text]<strong>Marka vozila:<\/strong> MAN Lions Coach (\u0160I0051MP)<br \/>\n<strong>Godina proizvodnje<\/strong>: 2016.<br \/>\n<strong>Broj sjedi\u0161ta:<\/strong> 49+1+1<br \/>\n<strong>Boja:<\/strong> bijela<br \/>\n<strong>Norma:<\/strong> EURO VI<br \/>\n<strong>Dodatna oprema:<\/strong> WC[\/vc_column_text][\/vc_column_inner][\/vc_row_inner][vc_separator][vc_empty_space height=&#8221;10px&#8221;][\/vc_column][\/vc_row][vc_row][vc_column][vc_row_inner content_placement=&#8221;middle&#8221; cms_row_inner_overflow=&#8221;&#8221;][vc_column_inner width=&#8221;1\/2&#8243;][vc_custom_heading text=&#8221;MAN Lion&#8217;s Coach&#8221; google_fonts=&#8221;font_family:Roboto%3A100%2C100italic%2C300%2C300italic%2Cregular%2Citalic%2C500%2C500italic%2C700%2C700italic%2C900%2C900italic|font_style:300%20light%20regular%3A300%3Anormal&#8221; cms_custom_headding_type=&#8221;heading-underline&#8221;][vc_column_text]<strong>Marka vozila:<\/strong> MAN LIONS COACH (\u0160I0062MP)<br \/>\n<strong>Godina proizvodnje<\/strong>: 2022.<br \/>\n<strong>Broj sjedi\u0161ta:<\/strong> 57+1+1<br \/>\n<strong>Boja:<\/strong> bijela<br \/>\n<strong>Norma:<\/strong> EURO VI<br \/>\n<strong>Dodatna oprema:<\/strong> WC[\/vc_column_text][\/vc_column_inner][vc_column_inner width=&#8221;1\/2&#8243;][vc_images_carousel images=&#8221;449,450,451&#8243; img_size=&#8221;large&#8221;][\/vc_column_inner][\/vc_row_inner][vc_separator][vc_empty_space height=&#8221;10px&#8221;][\/vc_column][\/vc_row][vc_row][vc_column][vc_row_inner content_placement=&#8221;middle&#8221; cms_row_inner_overflow=&#8221;&#8221;][vc_column_inner width=&#8221;1\/2&#8243;][vc_images_carousel images=&#8221;456,457,458&#8243; img_size=&#8221;large&#8221;][\/vc_column_inner][vc_column_inner width=&#8221;1\/2&#8243;][vc_custom_heading text=&#8221;MAN Lion&#8217;s Coach&#8221; google_fonts=&#8221;font_family:Roboto%3A100%2C100italic%2C300%2C300italic%2Cregular%2Citalic%2C500%2C500italic%2C700%2C700italic%2C900%2C900italic|font_style:300%20light%20regular%3A300%3Anormal&#8221; cms_custom_headding_type=&#8221;heading-underline&#8221;][vc_column_text]<strong>Marka vozila:<\/strong> MAN Lion&#8217;s Coach (\u0160I0064MP)<br \/>\n<strong>Godina proizvodnje<\/strong>: 2022.<br \/>\n<strong>Broj sjedi\u0161ta:<\/strong> 57+1+1<br \/>\n<strong>Boja:<\/strong> bijela<br \/>\n<strong>Norma:<\/strong> EURO VI<br \/>\n<strong>Dodatna oprema:<\/strong> WC[\/vc_column_text][\/vc_column_inner][\/vc_row_inner][vc_separator][vc_empty_space height=&#8221;10px&#8221;][\/vc_column][vc_column][vc_row_inner][vc_column_inner width=&#8221;1\/2&#8243;][vc_custom_heading text=&#8221;MAN Lion&#8217;s Coach&#8221; google_fonts=&#8221;font_family:Roboto%3A100%2C100italic%2C300%2C300italic%2Cregular%2Citalic%2C500%2C500italic%2C700%2C700italic%2C900%2C900italic|font_style:300%20light%20regular%3A300%3Anormal&#8221;][vc_column_text]<strong>Marka vozila:<\/strong> MAN Lion&#8217;s Coach (\u0160I0070MP)<br \/>\n<strong>Godina proizvodnje<\/strong>: 2025.<br \/>\n<strong>Broj sjedi\u0161ta:<\/strong> 51+1+1<br \/>\n<strong>Boja:<\/strong> bijela<br \/>\n<strong>Norma:<\/strong> EURO VI<br \/>\n<strong>Dodatna oprema:<\/strong> WC[\/vc_column_text][\/vc_column_inner][vc_column_inner width=&#8221;1\/2&#8243;][vc_images_carousel images=&#8221;460&#8243;][\/vc_column_inner][\/vc_row_inner][vc_separator][vc_empty_space height=&#8221;10px&#8221;][\/vc_column][\/vc_row][vc_row][vc_column][vc_column_text]<\/p>\n<p>[\/vc_column_text][\/vc_column][\/vc_row][vc_row full_width=&#8221;1&#8243;][vc_column][vc_empty_space][vc_custom_heading text=&#8221;Doradu internetske stranice je sufinancirala Europska unija iz Europskog fonda za regionalni razvoj.&#8221; font_container=&#8221;tag:h4|text_align:center&#8221; google_fonts=&#8221;font_family:Roboto%3A100%2C100italic%2C300%2C300italic%2Cregular%2Citalic%2C500%2C500italic%2C700%2C700italic%2C900%2C900italic|font_style:300%20light%20regular%3A300%3Anormal&#8221;][\/vc_column][\/vc_row][vc_row][vc_column][vc_empty_space height=&#8221;30px&#8221;][\/vc_column][\/vc_row][vc_row][vc_column width=&#8221;1\/3&#8243;][vc_single_image image=&#8221;134&#8243; img_size=&#8221;medium&#8221; alignment=&#8221;center&#8221; vc_none_hover_effect=&#8221;&#8221; css=&#8221;.vc_custom_1602152282237{margin-top: 10px !important;}&#8221;][\/vc_column][vc_column width=&#8221;1\/3&#8243;][vc_single_image image=&#8221;99&#8243; img_size=&#8221;medium&#8221; alignment=&#8221;center&#8221; vc_none_hover_effect=&#8221;&#8221; css=&#8221;.vc_custom_1602136855518{margin-top: 10px !important;}&#8221;][\/vc_column][vc_column width=&#8221;1\/3&#8243;][vc_single_image image=&#8221;100&#8243; img_size=&#8221;medium&#8221; alignment=&#8221;center&#8221; vc_none_hover_effect=&#8221;&#8221; css=&#8221;.vc_custom_1602136864866{margin-top: 10px !important;}&#8221;][\/vc_column][\/vc_row][vc_row][vc_column][vc_empty_space height=&#8221;30px&#8221;][vc_column_text]<\/p>\n<p style=\"text-align: center;\">Za vi\u0161e informacija posjetite internetske stranice:\u00a0<a href=\"http:\/\/www.strukturnifondovi.hr\/\" target=\"_blank\" rel=\"noopener noreferrer\">Strukturni fondovi<\/a>\u00a0ili\u00a0<a href=\"http:\/\/www.strukturnifondovi.hr\/op-konkurentnost-i-kohezija-2014-2020-779\" target=\"_blank\" rel=\"noopener noreferrer\">Operativni program konkurentnost i kohezija<\/a>.<\/p>\n<p style=\"text-align: center;\">Sadr\u017eaj ove internetske stranice isklju\u010diva je odgovornost tvrtke Pra\u017een putovanja d.o.o. i ne predstavlja slu\u017ebena mi\u0161ljenja Europske unije.<\/p>\n<p>[\/vc_column_text][vc_empty_space height=&#8221;25px&#8221;][\/vc_column][\/vc_row]<\/p>\n","protected":false},"excerpt":{"rendered":"<p>[vc_row][vc_column][vc_empty_space][\/vc_column][\/vc_row][vc_row][vc_column][vc_custom_heading text=&#8221;Vozni park&#8221; font_container=&#8221;tag:h1|text_align:left&#8221; google_fonts=&#8221;font_family:Roboto%3A100%2C100italic%2C300%2C300italic%2Cregular%2Citalic%2C500%2C500italic%2C700%2C700italic%2C900%2C900italic|font_style:300%20light%20regular%3A300%3Anormal&#8221; cms_custom_headding_type=&#8221;heading-underline&#8221;][vc_custom_heading text=&#8221;Na\u0161 vozni park sastoji se najve\u0107im dijelom od autobusa marke MAN i Mercedes s 19 do 63 putni\u010dka sjedala.<\/p>\n","protected":false},"author":2,"featured_media":0,"parent":0,"menu_order":0,"comment_status":"closed","ping_status":"closed","template":"","meta":[],"_links":{"self":[{"href":"https:\/\/prazenputovanja.hr\/index.php?rest_route=\/wp\/v2\/pages\/194"}],"collection":[{"href":"https:\/\/prazenputovanja.hr\/index.php?rest_route=\/wp\/v2\/pages"}],"about":[{"href":"https:\/\/prazenputovanja.hr\/index.php?rest_route=\/wp\/v2\/types\/page"}],"author":[{"embeddable":true,"href":"https:\/\/prazenputovanja.hr\/index.php?rest_route=\/wp\/v2\/users\/2"}],"replies":[{"embeddable":true,"href":"https:\/\/prazenputovanja.hr\/index.php?rest_route=%2Fwp%2Fv2%2Fcomments&post=194"}],"version-history":[{"count":48,"href":"https:\/\/prazenputovanja.hr\/index.php?rest_route=\/wp\/v2\/pages\/194\/revisions"}],"predecessor-version":[{"id":300,"href":"https:\/\/prazenputovanja.hr\/index.php?rest_route=\/wp\/v2\/pages\/194\/revisions\/300"}],"wp:attachment":[{"href":"https:\/\/prazenputovanja.hr\/index.php?rest_route=%2Fwp%2Fv2%2Fmedia&parent=194"}],"curies":[{"name":"wp","href":"https:\/\/api.w.org\/{rel}","templated":true}]}}