{"id":258,"date":"2020-10-08T22:00:07","date_gmt":"2020-10-08T22:00:07","guid":{"rendered":"https:\/\/prazenputovanja.hr\/?page_id=258"},"modified":"2026-02-09T14:25:23","modified_gmt":"2026-02-09T14:25:23","slug":"putnicka-agencija","status":"publish","type":"page","link":"https:\/\/prazenputovanja.hr\/?page_id=258","title":{"rendered":"Putni\u010dka agencija"},"content":{"rendered":"<p>[vc_row full_width=&#8221;1&#8243; bg_style=&#8221;img_parallax&#8221; row_mask_bg=&#8221;true&#8221; row_arrow=&#8221;&#8221; bg_type=&#8221;image&#8221; parallax_style=&#8221;vcpb-default&#8221; bg_image_new=&#8221;id^151|url^https:\/\/prazenputovanja.hr\/wp-content\/uploads\/2020\/10\/header.jpg|caption^null|alt^null|title^header|description^null&#8221; bg_image_repeat=&#8221;no-repeat&#8221; bg_image_size=&#8221;contain&#8221; bg_img_attach=&#8221;fixed&#8221; bg_override=&#8221;full&#8221; parallax_content=&#8221;parallax_content_value&#8221; parallax_content_sense=&#8221;75&#8243; disable_element=&#8221;yes&#8221; bd_p_speed=&#8221;0.7&#8243;][vc_column]\n\t\t\t<!-- START Slider 2 REVOLUTION SLIDER 6.2.23 --><p class=\"rs-p-wp-fix\"><\/p>\n\t\t\t<rs-module-wrap id=\"rev_slider_2_1_wrapper\" data-source=\"gallery\" style=\"background:transparent;padding:0;margin:0px auto;margin-top:0;margin-bottom:0;\">\n\t\t\t\t<rs-module id=\"rev_slider_2_1\" style=\"\" data-version=\"6.2.23\">\n\t\t\t\t\t<rs-slides>\n\t\t\t\t\t\t<rs-slide data-key=\"rs-2\" data-title=\"Slide\" data-anim=\"ei:d;eo:d;s:1000;r:0;t:fade;sl:0;\">\n\t\t\t\t\t\t\t<img src=\"\/\/prazenputovanja.hr\/wp-content\/uploads\/2020\/10\/header004.jpg\" title=\"header004\" width=\"1920\" height=\"400\" class=\"rev-slidebg\" data-no-retina>\n<!---->\t\t\t\t\t\t<\/rs-slide>\n\t\t\t\t\t<\/rs-slides>\n\t\t\t\t<\/rs-module>\n\t\t\t\t<script type=\"text\/javascript\">\n\t\t\t\t\tsetREVStartSize({c: 'rev_slider_2_1',rl:[1240,1024,778,480],el:[400],gw:[1920],gh:[400],type:'standard',justify:'',layout:'fullwidth',mh:\"0\"});\n\t\t\t\t\tvar\trevapi2,\n\t\t\t\t\t\ttpj;\n\t\t\t\t\tfunction revinit_revslider21() {\n\t\t\t\t\tjQuery(function() {\n\t\t\t\t\t\ttpj = jQuery;\n\t\t\t\t\t\trevapi2 = tpj(\"#rev_slider_2_1\");\n\t\t\t\t\t\tif(revapi2==undefined || revapi2.revolution == undefined){\n\t\t\t\t\t\t\trevslider_showDoubleJqueryError(\"rev_slider_2_1\");\n\t\t\t\t\t\t}else{\n\t\t\t\t\t\t\trevapi2.revolution({\n\t\t\t\t\t\t\t\tsliderLayout:\"fullwidth\",\n\t\t\t\t\t\t\t\tvisibilityLevels:\"1240,1024,778,480\",\n\t\t\t\t\t\t\t\tgridwidth:1920,\n\t\t\t\t\t\t\t\tgridheight:400,\n\t\t\t\t\t\t\t\tspinner:\"spinner0\",\n\t\t\t\t\t\t\t\tperspective:600,\n\t\t\t\t\t\t\t\tperspectiveType:\"global\",\n\t\t\t\t\t\t\t\teditorheight:\"400,768,960,720\",\n\t\t\t\t\t\t\t\tresponsiveLevels:\"1240,1024,778,480\",\n\t\t\t\t\t\t\t\tprogressBar:{disableProgressBar:true},\n\t\t\t\t\t\t\t\tnavigation: {\n\t\t\t\t\t\t\t\t\tonHoverStop:false\n\t\t\t\t\t\t\t\t},\n\t\t\t\t\t\t\t\tfallbacks: {\n\t\t\t\t\t\t\t\t\tallowHTML5AutoPlayOnAndroid:true\n\t\t\t\t\t\t\t\t},\n\t\t\t\t\t\t\t});\n\t\t\t\t\t\t}\n\t\t\t\t\t\t\n\t\t\t\t\t});\n\t\t\t\t\t} \/\/ End of RevInitScript\n\t\t\t\tvar once_revslider21 = false;\n\t\t\t\tif (document.readyState === \"loading\") {document.addEventListener('readystatechange',function() { if((document.readyState === \"interactive\" || document.readyState === \"complete\") && !once_revslider21 ) { once_revslider21 = true; revinit_revslider21();}});} else {once_revslider21 = true; revinit_revslider21();}\n\t\t\t\t<\/script>\n\t\t\t<\/rs-module-wrap>\n\t\t\t<!-- END REVOLUTION SLIDER -->\n[\/vc_column][\/vc_row][vc_row][vc_column][vc_custom_heading text=&#8221;Pra\u017een putovanja&#8221; font_container=&#8221;tag:h1|text_align:left&#8221; google_fonts=&#8221;font_family:Roboto%20Condensed%3A300%2C300italic%2Cregular%2Citalic%2C700%2C700italic|font_style:300%20light%20regular%3A300%3Anormal&#8221; cms_custom_headding_type=&#8221;heading-underline&#8221;][vc_column_text]Turisti\u010dka agencija Pra\u017een putovanja d.o.o. djeluje ve\u0107 20 godina na podru\u010dju Dalmacije.<\/p>\n<p>Uz usluge transfera autobusima, kombijima i osobnim vozilima agencija nudi usluge organiziranja putovanja za specijalizirane grupe, udruge, tvrtke i \u0161kolske ustanove.<\/p>\n<p>Programi se izra\u0111uju prema \u017eeljama i zahtjevima klijenata uz savjete i preporuke djelatnika agencije.<\/p>\n<p>Tijekom dugogodi\u0161njeg rada organizirali smo brojne izlete i putovanja diljem Hrvatske i inozemstva, te smo vlasnici certifikata <strong>Travellife<\/strong>.[\/vc_column_text][vc_column_text]Obvezali smo se zadovoljavati visoke kriterije prvenstveno u odnosu na na\u0161e korisnike usluga, a potom i na na\u0161e partnere i dobavlja\u010de. Spomenute kriterije agencija zadovoljava dokazivanjem dosada\u0161nje i trenutne poslovne aktivnosti, kompetencijom zaposlenika i suradnika te cjelo\u017eivotnim obrazovanjem istih, stalnim razvojem i inovacijom programa agencije, dru\u0161tveno odgovornim poslovanjem. Obvezujemo se poslovati u skladu s pravilima struke, profesionalnim i odgovornim odnosom prema kupcima, kolegama i dobavlja\u010dima.[\/vc_column_text][vc_column_text]Jedno\u00a0od postignu\u0107a agencije Pra\u017een putovanja d.o.o. je certifikat za Travelife sustav koji\u00a0poma\u017ee upravljati i unapre\u0111ivati dru\u0161tvene i okoli\u0161ne utjecaje time \u0161to se pridr\u017eava kriterija odr\u017eivosti.\u00a0Travelife je vode\u0107a inicijativa\u00a0 za osposobljavanje, upravljanje i certificiranje turisti\u010dkih tvrtki koje su posve\u0107ene odr\u017eivom razvoju[\/vc_column_text][vc_column_text]<\/p>\n<h4><a href=\"https:\/\/prazenputovanja.hr\/?page_id=362\"><strong>Op\u0107e uvjete poslovanja tvrtke Pra\u017een putovanja d.o.o. mo\u017eete prona\u0107i ovdje &gt;&gt;<\/strong><\/a><\/h4>\n<p>[\/vc_column_text][\/vc_column][\/vc_row][vc_row][vc_column][vc_empty_space][vc_images_carousel images=&#8221;283,284,285,286,287,288&#8243; img_size=&#8221;large&#8221; slides_per_view=&#8221;2&#8243; autoplay=&#8221;yes&#8221; wrap=&#8221;yes&#8221; css_animation=&#8221;bounceIn&#8221;][vc_empty_space][\/vc_column][\/vc_row][vc_row row_mask_bg=&#8221;&#8221; row_arrow=&#8221;&#8221; css=&#8221;.vc_custom_1513598728059{background-color: #eeeeee !important;}&#8221;][vc_column][vc_custom_heading text=&#8221;Podaci o tvrtki&#8221; google_fonts=&#8221;font_family:Roboto%20Condensed%3A300%2C300italic%2Cregular%2Citalic%2C700%2C700italic|font_style:400%20regular%3A400%3Anormal&#8221;][vc_column_text]<strong>Naziv:<\/strong>\u00a0Pra\u017een putovanja d.o.o.<\/p>\n<p><strong>Sjedi\u0161te:<\/strong>\u00a0Obala Roka \u0160panje 29, Brodarica 22010<\/p>\n<p><strong>OIB:<\/strong>\u00a019698191464<\/p>\n<p><strong>ID KOD<\/strong>\u00a0HR-AB-221100016882<\/p>\n<p><strong>Nadle\u017eni sud:<\/strong>\u00a0Trgova\u010dki sud u Zadru &#8211; Stalna slu\u017eba u \u0160ibeniku<br \/>\n<strong>Mati\u010dni broj:<\/strong>\u00a0100016882<\/p>\n<p><strong>Voditelj poslova:<\/strong>\u00a0Mario Pra\u017een, direktor &#8211; ovla\u0161ten za vo\u0111enje svih poslova trgova\u010dkog dru\u0161tva Pra\u017een putovanja d. o. o.<\/p>\n<p><strong>Temeljni kapital: <\/strong>2.654,46 \u20ac, upla\u0107en u cijelosti<\/p>\n<p><strong>Sudski registar: <\/strong>Trgova\u010dki sud u Zadru, Stalna slu\u017eba u \u0160ibeniku<\/p>\n<p><strong>Slu\u017ebeni nadzor:<\/strong>\u00a0Ministarstvo turizma &#8211; Samostalni sektor turisti\u010dke inspekcije,\u00a0Slu\u017eba turisti\u010dke inspekcije, Podru\u010dna jedinica Split Ispostava &#8211; \u0160ibenik, Stjepana Radi\u0107a 30, 22000 \u0160ibenik<\/p>\n<p><strong>Ra\u010dun:\u00a0<\/strong>HR8224020061101059326 \u2013 Erste banka, SWIFT code: ESBCHR22<\/p>\n<p><strong>Podno\u0161enje prigovora:<\/strong> Prigovor se mo\u017ee podnijeti u poslovnici turisti\u010dke agencije te mogu poslati na adresu elektroni\u010dke po\u0161te <a href=\"mailto:info@prazenputovanja.hr\">info@prazenputovanja.hr <\/a>\u00a0 ili pismenim putem na adresu Obala Roka \u0160panje 29, Brodarica &#8211; \u0160ibenik 22010.[\/vc_column_text][vc_empty_space][\/vc_column][\/vc_row]<\/p>\n","protected":false},"excerpt":{"rendered":"<p>[vc_row full_width=&#8221;1&#8243; bg_style=&#8221;img_parallax&#8221; row_mask_bg=&#8221;true&#8221; row_arrow=&#8221;&#8221; bg_type=&#8221;image&#8221; parallax_style=&#8221;vcpb-default&#8221; bg_image_new=&#8221;id^151|url^https:\/\/prazenputovanja.hr\/wp-content\/uploads\/2020\/10\/header.jpg|caption^null|alt^null|title^header|description^null&#8221; bg_image_repeat=&#8221;no-repeat&#8221; bg_image_size=&#8221;contain&#8221; bg_img_attach=&#8221;fixed&#8221; bg_override=&#8221;full&#8221; parallax_content=&#8221;parallax_content_value&#8221; parallax_content_sense=&#8221;75&#8243; disable_element=&#8221;yes&#8221; bd_p_speed=&#8221;0.7&#8243;][vc_column][\/vc_column][\/vc_row][vc_row][vc_column][vc_custom_heading text=&#8221;Pra\u017een putovanja&#8221; font_container=&#8221;tag:h1|text_align:left&#8221; google_fonts=&#8221;font_family:Roboto%20Condensed%3A300%2C300italic%2Cregular%2Citalic%2C700%2C700italic|font_style:300%20light%20regular%3A300%3Anormal&#8221; cms_custom_headding_type=&#8221;heading-underline&#8221;][vc_column_text]Turisti\u010dka agencija Pra\u017een putovanja d.o.o.<\/p>\n","protected":false},"author":2,"featured_media":0,"parent":0,"menu_order":0,"comment_status":"closed","ping_status":"closed","template":"","meta":[],"_links":{"self":[{"href":"https:\/\/prazenputovanja.hr\/index.php?rest_route=\/wp\/v2\/pages\/258"}],"collection":[{"href":"https:\/\/prazenputovanja.hr\/index.php?rest_route=\/wp\/v2\/pages"}],"about":[{"href":"https:\/\/prazenputovanja.hr\/index.php?rest_route=\/wp\/v2\/types\/page"}],"author":[{"embeddable":true,"href":"https:\/\/prazenputovanja.hr\/index.php?rest_route=\/wp\/v2\/users\/2"}],"replies":[{"embeddable":true,"href":"https:\/\/prazenputovanja.hr\/index.php?rest_route=%2Fwp%2Fv2%2Fcomments&post=258"}],"version-history":[{"count":14,"href":"https:\/\/prazenputovanja.hr\/index.php?rest_route=\/wp\/v2\/pages\/258\/revisions"}],"predecessor-version":[{"id":496,"href":"https:\/\/prazenputovanja.hr\/index.php?rest_route=\/wp\/v2\/pages\/258\/revisions\/496"}],"wp:attachment":[{"href":"https:\/\/prazenputovanja.hr\/index.php?rest_route=%2Fwp%2Fv2%2Fmedia&parent=258"}],"curies":[{"name":"wp","href":"https:\/\/api.w.org\/{rel}","templated":true}]}}