{"id":49,"date":"2020-10-07T19:47:25","date_gmt":"2020-10-07T19:47:25","guid":{"rendered":"http:\/\/prazenputovanja.hr\/?page_id=49"},"modified":"2026-02-09T14:28:05","modified_gmt":"2026-02-09T14:28:05","slug":"prazen-putovanja","status":"publish","type":"page","link":"https:\/\/prazenputovanja.hr\/","title":{"rendered":"Pra\u017een putovanja"},"content":{"rendered":"<p>[vc_row full_width=&#8221;1&#8243; parallax_content=&#8221;parallax_content_value&#8221; parallax_content_sense=&#8221;80&#8243;][vc_column]\n\t\t\t<!-- START Slider 1 REVOLUTION SLIDER 6.2.23 --><p class=\"rs-p-wp-fix\"><\/p>\n\t\t\t<rs-module-wrap id=\"rev_slider_1_1_wrapper\" data-source=\"post\" style=\"background:transparent;padding:0;\">\n\t\t\t\t<rs-module id=\"rev_slider_1_1\" style=\"\" data-version=\"6.2.23\">\n\t\t\t\t\t<rs-slides>\n\t\t\t\t\t\t<rs-slide data-key=\"rs-332\" data-title=\"Dan \u017eena u hotelu Trako\u0161\u0107an 06. &#8211; 07.03.2021.\" data-anim=\"ei:d;eo:d;s:1000;r:0;t:fade;sl:0;\">\n\t\t\t\t\t\t\t<img src=\"\/\/prazenputovanja.hr\/wp-content\/uploads\/2020\/10\/header002.jpg\" title=\"header002\" width=\"1280\" height=\"600\" class=\"rev-slidebg\" data-no-retina>\n<!--\n\t\t\t\t\t\t\t--><rs-layer\n\t\t\t\t\t\t\t\tid=\"slider-1-slide-332-layer-3\" \n\t\t\t\t\t\t\t\tdata-type=\"text\"\n\t\t\t\t\t\t\t\tdata-color=\"#fff\"\n\t\t\t\t\t\t\t\tdata-rsp_ch=\"on\"\n\t\t\t\t\t\t\t\tdata-xy=\"x:c;y:c;\"\n\t\t\t\t\t\t\t\tdata-text=\"w:normal;s:100;l:110;ls:-6;fw:100;\"\n\t\t\t\t\t\t\t\tdata-dim=\"minh:0px;\"\n\t\t\t\t\t\t\t\tdata-frame_999=\"o:0;st:w;\"\n\t\t\t\t\t\t\t\tstyle=\"z-index:6;font-family:Montserrat;\"\n\t\t\t\t\t\t\t>Dobrodo\u0161li \n\t\t\t\t\t\t\t<\/rs-layer><!--\n-->\t\t\t\t\t\t<\/rs-slide>\n\t\t\t\t\t<\/rs-slides>\n\t\t\t\t<\/rs-module>\n\t\t\t\t<script type=\"text\/javascript\">\n\t\t\t\t\tsetREVStartSize({c: 'rev_slider_1_1',rl:[1240,1024,778,480],el:[540],gw:[1280],gh:[540],type:'hero',justify:'',layout:'fullscreen',offsetContainer:'',offset:'',mh:\"0\"});\n\t\t\t\t\tvar\trevapi1,\n\t\t\t\t\t\ttpj;\n\t\t\t\t\tfunction revinit_revslider11() {\n\t\t\t\t\tjQuery(function() {\n\t\t\t\t\t\ttpj = jQuery;\n\t\t\t\t\t\trevapi1 = tpj(\"#rev_slider_1_1\");\n\t\t\t\t\t\tif(revapi1==undefined || revapi1.revolution == undefined){\n\t\t\t\t\t\t\trevslider_showDoubleJqueryError(\"rev_slider_1_1\");\n\t\t\t\t\t\t}else{\n\t\t\t\t\t\t\trevapi1.revolution({\n\t\t\t\t\t\t\t\tsliderType:\"hero\",\n\t\t\t\t\t\t\t\tsliderLayout:\"fullscreen\",\n\t\t\t\t\t\t\t\tvisibilityLevels:\"1240,1024,778,480\",\n\t\t\t\t\t\t\t\tgridwidth:1280,\n\t\t\t\t\t\t\t\tgridheight:540,\n\t\t\t\t\t\t\t\tspinner:\"spinner0\",\n\t\t\t\t\t\t\t\tperspective:600,\n\t\t\t\t\t\t\t\tperspectiveType:\"global\",\n\t\t\t\t\t\t\t\teditorheight:\"540,768,960,720\",\n\t\t\t\t\t\t\t\tresponsiveLevels:\"1240,1024,778,480\",\n\t\t\t\t\t\t\t\tprogressBar:{disableProgressBar:true},\n\t\t\t\t\t\t\t\tnavigation: {\n\t\t\t\t\t\t\t\t\tonHoverStop:false\n\t\t\t\t\t\t\t\t},\n\t\t\t\t\t\t\t\tfallbacks: {\n\t\t\t\t\t\t\t\t\tallowHTML5AutoPlayOnAndroid:true\n\t\t\t\t\t\t\t\t},\n\t\t\t\t\t\t\t});\n\t\t\t\t\t\t}\n\t\t\t\t\t\t\n\t\t\t\t\t});\n\t\t\t\t\t} \/\/ End of RevInitScript\n\t\t\t\tvar once_revslider11 = false;\n\t\t\t\tif (document.readyState === \"loading\") {document.addEventListener('readystatechange',function() { if((document.readyState === \"interactive\" || document.readyState === \"complete\") && !once_revslider11 ) { once_revslider11 = true; revinit_revslider11();}});} else {once_revslider11 = true; revinit_revslider11();}\n\t\t\t\t<\/script>\n\t\t\t<\/rs-module-wrap>\n\t\t\t<!-- END REVOLUTION SLIDER -->\n[vc_empty_space height=&#8221;50px&#8221;][\/vc_column][\/vc_row][vc_row][vc_column offset=&#8221;vc_col-lg-offset-0 vc_col-md-offset-0 vc_col-sm-offset-0&#8243;][vc_single_image image=&#8221;59&#8243; img_size=&#8221;medium&#8221; alignment=&#8221;center&#8221;][vc_custom_heading text=&#8221;Tvrtka Pra\u017een putovanja d.o.o. ve\u0107 27 godina pru\u017ea uslugu prijevoza autobusima turisti\u010dke klase na kru\u017enim putovanjima kroz regiju i dr\u017eave isto\u010dne i zapadne Europe.<br \/>\nUz usluge prijevoza organiziramo putovanja za specijalizirane grupe, udruge, tvrtke i \u0161kolske ustanove.&#8221; font_container=&#8221;tag:h3|text_align:center|line_height:1.5&#8243; google_fonts=&#8221;font_family:Roboto%3A100%2C100italic%2C300%2C300italic%2Cregular%2Citalic%2C500%2C500italic%2C700%2C700italic%2C900%2C900italic|font_style:300%20light%20regular%3A300%3Anormal&#8221;][vc_empty_space height=&#8221;100px&#8221;][\/vc_column][\/vc_row][vc_row cms_row_overflow=&#8221;1&#8243; equal_height=&#8221;yes&#8221; content_placement=&#8221;middle&#8221;][vc_column parallax=&#8221;content-moving&#8221; css_animation=&#8221;fadeInLeft&#8221; width=&#8221;1\/2&#8243;][vc_row_inner content_placement=&#8221;middle&#8221; css=&#8221;.vc_custom_1602142641359{padding-left: 5% !important;}&#8221;][vc_column_inner][vc_custom_heading text=&#8221;Putni\u010dki prijevoz&#8221; google_fonts=&#8221;font_family:Roboto%3A100%2C100italic%2C300%2C300italic%2Cregular%2Citalic%2C500%2C500italic%2C700%2C700italic%2C900%2C900italic|font_style:300%20light%20regular%3A300%3Anormal&#8221;][vc_custom_heading text=&#8221;Organiziramo prijevoz putnika i razli\u010dite transfere vozilima iz vlastitog voznog parka Mercedes i MAN Grupe.<br \/>\nNa\u0161 vozni park \u010dine i Mercedes vozila koja koristimo za pojedina\u010dne VIP transfere.&#8221; font_container=&#8221;tag:h3|text_align:left|line_height:1.25&#8243; google_fonts=&#8221;font_family:Roboto%3A100%2C100italic%2C300%2C300italic%2Cregular%2Citalic%2C500%2C500italic%2C700%2C700italic%2C900%2C900italic|font_style:300%20light%20regular%3A300%3Anormal&#8221;][vc_btn title=&#8221;Pogledajte na\u0161 vozni park&#8221; style=&#8221;cms-has-icon&#8221; color=&#8221;default&#8221; i_align=&#8221;right&#8221; i_icon_fontawesome=&#8221;fas fa-arrow-right&#8221; add_icon=&#8221;true&#8221; link=&#8221;url:https%3A%2F%2Fprazenputovanja.hr%2F%3Fpage_id%3D194|title:Autobusi&#8221;][\/vc_column_inner][\/vc_row_inner][\/vc_column][vc_column width=&#8221;1\/2&#8243;][vc_single_image image=&#8221;483&#8243; img_size=&#8221;large&#8221; style=&#8221;vc_box_shadow_3d&#8221; vc_none_hover_effect=&#8221;&#8221;][\/vc_column][\/vc_row][vc_row][vc_column][vc_row_inner][vc_column_inner width=&#8221;1\/2&#8243;][vc_single_image image=&#8221;281&#8243; img_size=&#8221;large&#8221; alignment=&#8221;right&#8221; style=&#8221;vc_box_shadow_3d&#8221; vc_none_hover_effect=&#8221;&#8221;][\/vc_column_inner][vc_column_inner width=&#8221;1\/2&#8243;][vc_custom_heading text=&#8221;Putni\u010dka agencija&#8221; google_fonts=&#8221;font_family:Roboto%3A100%2C100italic%2C300%2C300italic%2Cregular%2Citalic%2C500%2C500italic%2C700%2C700italic%2C900%2C900italic|font_style:300%20light%20regular%3A300%3Anormal&#8221;][vc_custom_heading text=&#8221;Putni\u010dka agencija Pra\u017een putovanja d.o.o. bavi se organizacijom putovanja i izleta za \u0161kolske grupe i grupe odraslih. Programi se izra\u0111uju prema \u017eeljama i zahtjevima klijenata uz savjete i preporuke djelatnika agencije.&#8221; font_container=&#8221;tag:h3|text_align:left|line_height:1.25&#8243; google_fonts=&#8221;font_family:Roboto%3A100%2C100italic%2C300%2C300italic%2Cregular%2Citalic%2C500%2C500italic%2C700%2C700italic%2C900%2C900italic|font_style:300%20light%20regular%3A300%3Anormal&#8221; css=&#8221;.vc_custom_1617724287722{border-left-width: 10px !important;}&#8221;][vc_btn title=&#8221;Saznajte vi\u0161e&#8221; style=&#8221;cms-has-icon&#8221; color=&#8221;default&#8221; i_align=&#8221;right&#8221; i_icon_fontawesome=&#8221;fas fa-arrow-right&#8221; add_icon=&#8221;true&#8221; link=&#8221;url:https%3A%2F%2Fprazenputovanja.hr%2F%3Fpage_id%3D258|title:Pra%C5%BEen%20putovanja&#8221;][\/vc_column_inner][\/vc_row_inner][vc_row_inner][vc_column_inner][vc_empty_space][\/vc_column_inner][\/vc_row_inner][\/vc_column][\/vc_row][vc_section][vc_row bg_type=&#8221;bg_color&#8221; bg_override=&#8221;ex-full&#8221; bg_color_value=&#8221;#61b1cc&#8221;][vc_column][vc_empty_space height=&#8221;40px&#8221;][vc_column_text el_id=&#8221;h2&#8243;]<\/p>\n<h2 style=\"text-align: center; color: #ffffff;\">Dvadesetogodi\u0161nje iskustvo, profesionalnost osoblja, sigurnost i udobnost koju pru\u017eaju na\u0161a vozila visoke klase garantiraju zadovoljstvo putnika.<br \/>\nObratite nam se s povjerenjem.<\/h2>\n<p>[\/vc_column_text][vc_empty_space][\/vc_column][\/vc_row][vc_row bg_type=&#8221;bg_color&#8221; bg_override=&#8221;ex-full&#8221; bg_color_value=&#8221;#eeeeee&#8221;][vc_column][vc_empty_space][vc_row_inner][vc_column_inner width=&#8221;1\/3&#8243;][vc_column_text]<strong>Pra\u017een putovanja d.o.o.<\/strong><br \/>\nObala Roka \u0160panje 29<br \/>\nBrodarica 22010<br \/>\nOIB: 19698191464<br \/>\nID KOD\u00a0HR-AB-221100016882[\/vc_column_text][vc_column_text][\/vc_column_text][\/vc_column_inner][vc_column_inner width=&#8221;1\/3&#8243;][vc_column_text]<strong>Direktor i voditelj poslova:<\/strong><br \/>\nMario Pra\u017een<br \/>\ntel.: 098 266 222<br \/>\n<a href=\"mailto:mario@prazenputovanja.hr\">mario@prazenputovanja.hr<\/a>[\/vc_column_text][\/vc_column_inner][vc_column_inner width=&#8221;1\/3&#8243;][vc_column_text]<strong>Turisti\u010dka agencija:<\/strong><br \/>\nBranka \u010cubri\u0107<br \/>\ntel.: 098 222 661<br \/>\n<a href=\"mailto:info@prazenputovanja.hr\">info@prazenputovanja.hr<\/a><\/p>\n<p>Katarina Pra\u017een<br \/>\ntel.: 098 222 660<br \/>\n<a href=\"mailto:katarina@prazenputovanja.hr\">katarina@prazenputovanja.hr<\/a>[\/vc_column_text][\/vc_column_inner][vc_column_inner][vc_empty_space height=&#8221;20px&#8221;][\/vc_column_inner][\/vc_row_inner][vc_row_inner][vc_column_inner][vc_column_text]<\/p>\n<p style=\"text-align: center;\"><strong>Na\u010dini podno\u0161enja prigovora:<\/strong><\/p>\n<p style=\"text-align: center;\">Prigovor se mo\u017ee podnijeti u poslovnici turisti\u010dke agencije te mogu poslati na adresu elektroni\u010dke po\u0161te <a href=\"mailto:info@prazenputovanja.hr\">info@prazenputovanja.hr <\/a>\u00a0 ili pismenim putem na adresu Obala Roka \u0160panje 29, Brodarica &#8211; \u0160ibenik 22010.<\/p>\n<p>[\/vc_column_text][\/vc_column_inner][\/vc_row_inner][vc_empty_space height=&#8221;30px&#8221;][\/vc_column][\/vc_row][vc_row full_width=&#8221;1&#8243; row_color=&#8221;#000000&#8243; row_head_color=&#8221;#444444&#8243; row_mask_bg=&#8221;&#8221; row_arrow=&#8221;&#8221; bg_type=&#8221;bg_color&#8221; bg_override=&#8221;ex-full&#8221; bg_color_value=&#8221;#c1c1c1&#8243; css=&#8221;.vc_custom_1613073872773{background-color: #ffffff !important;}&#8221;][vc_column][vc_empty_space][vc_column_text]<\/p>\n<h3 style=\"text-align: center;\">OBAVIJEST O SUKOBU INTERESA<\/h3>\n<h4 style=\"text-align: center;\">Popis gospodarskih subjekata s kojima je naru\u010ditelj u sukobu interesa.<\/h4>\n<h5 style=\"text-align: center;\"><span style=\"text-align: center;\"><strong>PRA\u017dEN PUTOVANJA<\/strong> d.o.o. turisti\u010dka agencija, OIB: 19698191464;<\/span><br \/>\n<span style=\"text-align: center;\"><strong>PRA\u017dEN EKO<\/strong> d.o.o. za turizam i proizvodnju prehrambenih proizvoda, OIB: 04876976219;<\/span><br \/>\n<span style=\"text-align: center;\"><strong>OPG Mario Pra\u017een<\/strong>, OIB: 64361465404.<\/span><br \/>\n<span style=\"text-align: center;\"><strong>PRA\u017dEN<\/strong>, obrt za trgovinu i usluge, OIB: 16892431996<\/span><br \/>\n<span style=\"text-align: center;\"><strong>UDRUGA AUTOBUSA HR<\/strong>, OIB: 63960095326<\/span><\/h5>\n<p>[\/vc_column_text][vc_empty_space height=&#8221;20px&#8221;][\/vc_column][\/vc_row][\/vc_section]<\/p>\n","protected":false},"excerpt":{"rendered":"<p>[vc_row full_width=&#8221;1&#8243; parallax_content=&#8221;parallax_content_value&#8221; parallax_content_sense=&#8221;80&#8243;][vc_column][vc_empty_space height=&#8221;50px&#8221;][\/vc_column][\/vc_row][vc_row][vc_column offset=&#8221;vc_col-lg-offset-0 vc_col-md-offset-0 vc_col-sm-offset-0&#8243;][vc_single_image image=&#8221;59&#8243; img_size=&#8221;medium&#8221; alignment=&#8221;center&#8221;][vc_custom_heading text=&#8221;Tvrtka Pra\u017een putovanja d.o.o. ve\u0107 27 godina pru\u017ea uslugu prijevoza autobusima turisti\u010dke klase na<\/p>\n","protected":false},"author":2,"featured_media":0,"parent":0,"menu_order":0,"comment_status":"closed","ping_status":"closed","template":"","meta":[],"_links":{"self":[{"href":"https:\/\/prazenputovanja.hr\/index.php?rest_route=\/wp\/v2\/pages\/49"}],"collection":[{"href":"https:\/\/prazenputovanja.hr\/index.php?rest_route=\/wp\/v2\/pages"}],"about":[{"href":"https:\/\/prazenputovanja.hr\/index.php?rest_route=\/wp\/v2\/types\/page"}],"author":[{"embeddable":true,"href":"https:\/\/prazenputovanja.hr\/index.php?rest_route=\/wp\/v2\/users\/2"}],"replies":[{"embeddable":true,"href":"https:\/\/prazenputovanja.hr\/index.php?rest_route=%2Fwp%2Fv2%2Fcomments&post=49"}],"version-history":[{"count":118,"href":"https:\/\/prazenputovanja.hr\/index.php?rest_route=\/wp\/v2\/pages\/49\/revisions"}],"predecessor-version":[{"id":489,"href":"https:\/\/prazenputovanja.hr\/index.php?rest_route=\/wp\/v2\/pages\/49\/revisions\/489"}],"wp:attachment":[{"href":"https:\/\/prazenputovanja.hr\/index.php?rest_route=%2Fwp%2Fv2%2Fmedia&parent=49"}],"curies":[{"name":"wp","href":"https:\/\/api.w.org\/{rel}","templated":true}]}}